{"id":910,"date":"2025-05-14T19:36:15","date_gmt":"2025-05-14T19:36:15","guid":{"rendered":"https:\/\/contabilidadecavalcante.com.br\/home\/?page_id=910"},"modified":"2025-05-14T20:56:41","modified_gmt":"2025-05-14T20:56:41","slug":"blog","status":"publish","type":"page","link":"https:\/\/contabilidadecavalcante.com.br\/home\/blog\/","title":{"rendered":"Blog"},"content":{"rendered":"\t\t<div data-elementor-type=\"wp-page\" data-elementor-id=\"910\" class=\"elementor elementor-910\" data-elementor-post-type=\"page\">\n\t\t\t\t<div class=\"elementor-element elementor-element-fc9d689 e-flex e-con-boxed e-con e-parent\" data-id=\"fc9d689\" data-element_type=\"container\" data-e-type=\"container\" data-settings=\"{&quot;background_background&quot;:&quot;classic&quot;,&quot;shape_divider_bottom&quot;:&quot;waves&quot;}\">\n\t\t\t\t\t<div class=\"e-con-inner\">\n\t\t\t\t<div class=\"elementor-shape elementor-shape-bottom\" aria-hidden=\"true\" data-negative=\"false\">\n\t\t\t<svg xmlns=\"http:\/\/www.w3.org\/2000\/svg\" viewBox=\"0 0 1000 100\" preserveAspectRatio=\"none\">\n\t<path class=\"elementor-shape-fill\" d=\"M421.9,6.5c22.6-2.5,51.5,0.4,75.5,5.3c23.6,4.9,70.9,23.5,100.5,35.7c75.8,32.2,133.7,44.5,192.6,49.7\n\tc23.6,2.1,48.7,3.5,103.4-2.5c54.7-6,106.2-25.6,106.2-25.6V0H0v30.3c0,0,72,32.6,158.4,30.5c39.2-0.7,92.8-6.7,134-22.4\n\tc21.2-8.1,52.2-18.2,79.7-24.2C399.3,7.9,411.6,7.5,421.9,6.5z\"\/>\n<\/svg>\t\t<\/div>\n\t\t<div class=\"elementor-element elementor-element-7b5d1c5 e-con-full e-flex e-con e-child\" data-id=\"7b5d1c5\" data-element_type=\"container\" data-e-type=\"container\">\n\t\t\t\t<div class=\"elementor-element elementor-element-3f0f5d7 elementor-widget__width-initial elementor-widget elementor-widget-heading\" data-id=\"3f0f5d7\" data-element_type=\"widget\" data-e-type=\"widget\" data-widget_type=\"heading.default\">\n\t\t\t\t<div class=\"elementor-widget-container\">\n\t\t\t\t\t<h1 class=\"elementor-heading-title elementor-size-default\">Blog para Empreendedores<\/h1>\t\t\t\t<\/div>\n\t\t\t\t<\/div>\n\t\t\t\t<\/div>\n\t\t<div class=\"elementor-element elementor-element-9d1b07b e-con-full e-flex e-con e-child\" data-id=\"9d1b07b\" data-element_type=\"container\" data-e-type=\"container\">\n\t\t\t\t<div class=\"elementor-element elementor-element-99f1de7 elementor-search-form--skin-classic elementor-search-form--button-type-icon elementor-widget elementor-widget-search-form\" data-id=\"99f1de7\" data-element_type=\"widget\" data-e-type=\"widget\" data-settings=\"{&quot;skin&quot;:&quot;classic&quot;}\" data-widget_type=\"search-form.default\">\n\t\t\t\t<div class=\"elementor-widget-container\">\n\t\t\t\t\t\t\t<search role=\"search\">\n\t\t\t<form class=\"elementor-search-form\" action=\"https:\/\/contabilidadecavalcante.com.br\/home\" method=\"get\">\n\t\t\t\t\t\t\t\t\t\t\t\t<div class=\"elementor-search-form__container\">\n\t\t\t\t\t<label class=\"elementor-screen-only\" for=\"elementor-search-form-99f1de7\">Search<\/label>\n\n\t\t\t\t\t\n\t\t\t\t\t<input id=\"elementor-search-form-99f1de7\" placeholder=\"Fala sua Busca\" class=\"elementor-search-form__input\" type=\"search\" name=\"s\" value=\"\">\n\t\t\t\t\t\n\t\t\t\t\t\t\t\t\t\t\t<button class=\"elementor-search-form__submit\" type=\"submit\" aria-label=\"Search\">\n\t\t\t\t\t\t\t\t\t\t\t\t\t\t\t<div class=\"e-font-icon-svg-container\"><svg class=\"fa fa-search e-font-icon-svg e-fas-search\" viewBox=\"0 0 512 512\" xmlns=\"http:\/\/www.w3.org\/2000\/svg\"><path d=\"M505 442.7L405.3 343c-4.5-4.5-10.6-7-17-7H372c27.6-35.3 44-79.7 44-128C416 93.1 322.9 0 208 0S0 93.1 0 208s93.1 208 208 208c48.3 0 92.7-16.4 128-44v16.3c0 6.4 2.5 12.5 7 17l99.7 99.7c9.4 9.4 24.6 9.4 33.9 0l28.3-28.3c9.4-9.4 9.4-24.6.1-34zM208 336c-70.7 0-128-57.2-128-128 0-70.7 57.2-128 128-128 70.7 0 128 57.2 128 128 0 70.7-57.2 128-128 128z\"><\/path><\/svg><\/div>\t\t\t\t\t\t\t\t\t\t\t\t\t<\/button>\n\t\t\t\t\t\n\t\t\t\t\t\t\t\t\t<\/div>\n\t\t\t<\/form>\n\t\t<\/search>\n\t\t\t\t\t\t<\/div>\n\t\t\t\t<\/div>\n\t\t\t\t<\/div>\n\t\t\t\t\t<\/div>\n\t\t\t\t<\/div>\n\t\t\t\t<\/div>\n\t\t","protected":false},"excerpt":{"rendered":"<p>Blog para Empreendedores<\/p>\n","protected":false},"author":1,"featured_media":862,"parent":0,"menu_order":0,"comment_status":"closed","ping_status":"closed","template":"elementor_header_footer","meta":{"zakra_sidebar_layout":"customizer","zakra_remove_content_margin":false,"zakra_sidebar":"customizer","zakra_transparent_header":"customizer","zakra_logo":0,"zakra_main_header_style":"default","zakra_menu_item_color":"","zakra_menu_item_hover_color":"","zakra_menu_item_active_color":"","zakra_menu_active_style":"","zakra_page_header":true,"pagelayer_contact_templates":[],"_pagelayer_content":"","footnotes":""},"class_list":["post-910","page","type-page","status-publish","has-post-thumbnail","hentry"],"yoast_head":"<!-- This site is optimized with the Yoast SEO plugin v27.5 - https:\/\/yoast.com\/product\/yoast-seo-wordpress\/ -->\n<title>Blog de Contabilidade Digital para Neg\u00f3cios Online | Cavalcante Contabilidade Digital<\/title>\n<meta name=\"description\" content=\"Contabilidade Digital para Neg\u00f3cios Online. Unimos tecnologia e intelig\u00eancia para oferecer o melhor servi\u00e7o de contabilidade!\" \/>\n<meta name=\"robots\" content=\"index, follow, max-snippet:-1, max-image-preview:large, max-video-preview:-1\" \/>\n<link rel=\"canonical\" href=\"https:\/\/contabilidadecavalcante.com.br\/home\/blog\/\" \/>\n<meta property=\"og:locale\" content=\"pt_PT\" \/>\n<meta property=\"og:type\" content=\"article\" \/>\n<meta property=\"og:title\" content=\"Blog de Contabilidade Digital para Neg\u00f3cios Online | Cavalcante Contabilidade Digital\" \/>\n<meta property=\"og:description\" content=\"Contabilidade Digital para Neg\u00f3cios Online. Unimos tecnologia e intelig\u00eancia para oferecer o melhor servi\u00e7o de contabilidade!\" \/>\n<meta property=\"og:url\" content=\"https:\/\/contabilidadecavalcante.com.br\/home\/blog\/\" \/>\n<meta property=\"og:site_name\" content=\"Contabilidade Digital para Neg\u00f3cios Online\" \/>\n<meta property=\"article:modified_time\" content=\"2025-05-14T20:56:41+00:00\" \/>\n<meta property=\"og:image\" content=\"https:\/\/contabilidadecavalcante.com.br\/home\/wp-content\/uploads\/2025\/05\/Novo-Projeto-2.png\" \/>\n\t<meta property=\"og:image:width\" content=\"1080\" \/>\n\t<meta property=\"og:image:height\" content=\"1080\" \/>\n\t<meta property=\"og:image:type\" content=\"image\/png\" \/>\n<meta name=\"twitter:card\" content=\"summary_large_image\" \/>\n<meta name=\"twitter:label1\" content=\"Tempo estimado de leitura\" \/>\n\t<meta name=\"twitter:data1\" content=\"1 minuto\" \/>\n<script type=\"application\/ld+json\" class=\"yoast-schema-graph\">{\"@context\":\"https:\\\/\\\/schema.org\",\"@graph\":[{\"@type\":\"WebPage\",\"@id\":\"https:\\\/\\\/contabilidadecavalcante.com.br\\\/home\\\/blog\\\/\",\"url\":\"https:\\\/\\\/contabilidadecavalcante.com.br\\\/home\\\/blog\\\/\",\"name\":\"Blog de Contabilidade Digital para Neg\u00f3cios Online | Cavalcante Contabilidade Digital\",\"isPartOf\":{\"@id\":\"https:\\\/\\\/contabilidadecavalcante.com.br\\\/home\\\/#website\"},\"primaryImageOfPage\":{\"@id\":\"https:\\\/\\\/contabilidadecavalcante.com.br\\\/home\\\/blog\\\/#primaryimage\"},\"image\":{\"@id\":\"https:\\\/\\\/contabilidadecavalcante.com.br\\\/home\\\/blog\\\/#primaryimage\"},\"thumbnailUrl\":\"https:\\\/\\\/contabilidadecavalcante.com.br\\\/home\\\/wp-content\\\/uploads\\\/2025\\\/05\\\/Novo-Projeto-2.png\",\"datePublished\":\"2025-05-14T19:36:15+00:00\",\"dateModified\":\"2025-05-14T20:56:41+00:00\",\"description\":\"Contabilidade Digital para Neg\u00f3cios Online. Unimos tecnologia e intelig\u00eancia para oferecer o melhor servi\u00e7o de contabilidade!\",\"breadcrumb\":{\"@id\":\"https:\\\/\\\/contabilidadecavalcante.com.br\\\/home\\\/blog\\\/#breadcrumb\"},\"inLanguage\":\"pt-PT\",\"potentialAction\":[{\"@type\":\"ReadAction\",\"target\":[\"https:\\\/\\\/contabilidadecavalcante.com.br\\\/home\\\/blog\\\/\"]}]},{\"@type\":\"ImageObject\",\"inLanguage\":\"pt-PT\",\"@id\":\"https:\\\/\\\/contabilidadecavalcante.com.br\\\/home\\\/blog\\\/#primaryimage\",\"url\":\"https:\\\/\\\/contabilidadecavalcante.com.br\\\/home\\\/wp-content\\\/uploads\\\/2025\\\/05\\\/Novo-Projeto-2.png\",\"contentUrl\":\"https:\\\/\\\/contabilidadecavalcante.com.br\\\/home\\\/wp-content\\\/uploads\\\/2025\\\/05\\\/Novo-Projeto-2.png\",\"width\":1080,\"height\":1080},{\"@type\":\"BreadcrumbList\",\"@id\":\"https:\\\/\\\/contabilidadecavalcante.com.br\\\/home\\\/blog\\\/#breadcrumb\",\"itemListElement\":[{\"@type\":\"ListItem\",\"position\":1,\"name\":\"In\u00edcio\",\"item\":\"https:\\\/\\\/contabilidadecavalcante.com.br\\\/home\\\/\"},{\"@type\":\"ListItem\",\"position\":2,\"name\":\"Blog\"}]},{\"@type\":\"WebSite\",\"@id\":\"https:\\\/\\\/contabilidadecavalcante.com.br\\\/home\\\/#website\",\"url\":\"https:\\\/\\\/contabilidadecavalcante.com.br\\\/home\\\/\",\"name\":\"Contabilidade Digital para Neg\u00f3cios Online\",\"description\":\"Cavalcante Contabilidade\",\"potentialAction\":[{\"@type\":\"SearchAction\",\"target\":{\"@type\":\"EntryPoint\",\"urlTemplate\":\"https:\\\/\\\/contabilidadecavalcante.com.br\\\/home\\\/?s={search_term_string}\"},\"query-input\":{\"@type\":\"PropertyValueSpecification\",\"valueRequired\":true,\"valueName\":\"search_term_string\"}}],\"inLanguage\":\"pt-PT\"}]}<\/script>\n<!-- \/ Yoast SEO plugin. -->","yoast_head_json":{"title":"Blog de Contabilidade Digital para Neg\u00f3cios Online | Cavalcante Contabilidade Digital","description":"Contabilidade Digital para Neg\u00f3cios Online. Unimos tecnologia e intelig\u00eancia para oferecer o melhor servi\u00e7o de contabilidade!","robots":{"index":"index","follow":"follow","max-snippet":"max-snippet:-1","max-image-preview":"max-image-preview:large","max-video-preview":"max-video-preview:-1"},"canonical":"https:\/\/contabilidadecavalcante.com.br\/home\/blog\/","og_locale":"pt_PT","og_type":"article","og_title":"Blog de Contabilidade Digital para Neg\u00f3cios Online | Cavalcante Contabilidade Digital","og_description":"Contabilidade Digital para Neg\u00f3cios Online. Unimos tecnologia e intelig\u00eancia para oferecer o melhor servi\u00e7o de contabilidade!","og_url":"https:\/\/contabilidadecavalcante.com.br\/home\/blog\/","og_site_name":"Contabilidade Digital para Neg\u00f3cios Online","article_modified_time":"2025-05-14T20:56:41+00:00","og_image":[{"width":1080,"height":1080,"url":"https:\/\/contabilidadecavalcante.com.br\/home\/wp-content\/uploads\/2025\/05\/Novo-Projeto-2.png","type":"image\/png"}],"twitter_card":"summary_large_image","twitter_misc":{"Tempo estimado de leitura":"1 minuto"},"schema":{"@context":"https:\/\/schema.org","@graph":[{"@type":"WebPage","@id":"https:\/\/contabilidadecavalcante.com.br\/home\/blog\/","url":"https:\/\/contabilidadecavalcante.com.br\/home\/blog\/","name":"Blog de Contabilidade Digital para Neg\u00f3cios Online | Cavalcante Contabilidade Digital","isPartOf":{"@id":"https:\/\/contabilidadecavalcante.com.br\/home\/#website"},"primaryImageOfPage":{"@id":"https:\/\/contabilidadecavalcante.com.br\/home\/blog\/#primaryimage"},"image":{"@id":"https:\/\/contabilidadecavalcante.com.br\/home\/blog\/#primaryimage"},"thumbnailUrl":"https:\/\/contabilidadecavalcante.com.br\/home\/wp-content\/uploads\/2025\/05\/Novo-Projeto-2.png","datePublished":"2025-05-14T19:36:15+00:00","dateModified":"2025-05-14T20:56:41+00:00","description":"Contabilidade Digital para Neg\u00f3cios Online. Unimos tecnologia e intelig\u00eancia para oferecer o melhor servi\u00e7o de contabilidade!","breadcrumb":{"@id":"https:\/\/contabilidadecavalcante.com.br\/home\/blog\/#breadcrumb"},"inLanguage":"pt-PT","potentialAction":[{"@type":"ReadAction","target":["https:\/\/contabilidadecavalcante.com.br\/home\/blog\/"]}]},{"@type":"ImageObject","inLanguage":"pt-PT","@id":"https:\/\/contabilidadecavalcante.com.br\/home\/blog\/#primaryimage","url":"https:\/\/contabilidadecavalcante.com.br\/home\/wp-content\/uploads\/2025\/05\/Novo-Projeto-2.png","contentUrl":"https:\/\/contabilidadecavalcante.com.br\/home\/wp-content\/uploads\/2025\/05\/Novo-Projeto-2.png","width":1080,"height":1080},{"@type":"BreadcrumbList","@id":"https:\/\/contabilidadecavalcante.com.br\/home\/blog\/#breadcrumb","itemListElement":[{"@type":"ListItem","position":1,"name":"In\u00edcio","item":"https:\/\/contabilidadecavalcante.com.br\/home\/"},{"@type":"ListItem","position":2,"name":"Blog"}]},{"@type":"WebSite","@id":"https:\/\/contabilidadecavalcante.com.br\/home\/#website","url":"https:\/\/contabilidadecavalcante.com.br\/home\/","name":"Contabilidade Digital para Neg\u00f3cios Online","description":"Cavalcante Contabilidade","potentialAction":[{"@type":"SearchAction","target":{"@type":"EntryPoint","urlTemplate":"https:\/\/contabilidadecavalcante.com.br\/home\/?s={search_term_string}"},"query-input":{"@type":"PropertyValueSpecification","valueRequired":true,"valueName":"search_term_string"}}],"inLanguage":"pt-PT"}]}},"_links":{"self":[{"href":"https:\/\/contabilidadecavalcante.com.br\/home\/wp-json\/wp\/v2\/pages\/910","targetHints":{"allow":["GET"]}}],"collection":[{"href":"https:\/\/contabilidadecavalcante.com.br\/home\/wp-json\/wp\/v2\/pages"}],"about":[{"href":"https:\/\/contabilidadecavalcante.com.br\/home\/wp-json\/wp\/v2\/types\/page"}],"author":[{"embeddable":true,"href":"https:\/\/contabilidadecavalcante.com.br\/home\/wp-json\/wp\/v2\/users\/1"}],"replies":[{"embeddable":true,"href":"https:\/\/contabilidadecavalcante.com.br\/home\/wp-json\/wp\/v2\/comments?post=910"}],"version-history":[{"count":11,"href":"https:\/\/contabilidadecavalcante.com.br\/home\/wp-json\/wp\/v2\/pages\/910\/revisions"}],"predecessor-version":[{"id":924,"href":"https:\/\/contabilidadecavalcante.com.br\/home\/wp-json\/wp\/v2\/pages\/910\/revisions\/924"}],"wp:featuredmedia":[{"embeddable":true,"href":"https:\/\/contabilidadecavalcante.com.br\/home\/wp-json\/wp\/v2\/media\/862"}],"wp:attachment":[{"href":"https:\/\/contabilidadecavalcante.com.br\/home\/wp-json\/wp\/v2\/media?parent=910"}],"curies":[{"name":"wp","href":"https:\/\/api.w.org\/{rel}","templated":true}]}}